{"id":501,"date":"2024-01-14T14:16:15","date_gmt":"2024-01-14T13:16:15","guid":{"rendered":"http:\/\/espoir-set31.org\/?page_id=501"},"modified":"2024-03-21T08:43:49","modified_gmt":"2024-03-21T07:43:49","slug":"aeset-2","status":"publish","type":"page","link":"https:\/\/espoir-set31.org\/index.php\/aeset-2\/","title":{"rendered":"AESET"},"content":{"rendered":"\t\t<div data-elementor-type=\"wp-page\" data-elementor-id=\"501\" class=\"elementor elementor-501\">\n\t\t\t\t<div class=\"elementor-element elementor-element-fc9736c e-flex e-con-boxed wpr-particle-no wpr-jarallax-no wpr-parallax-no wpr-sticky-section-no e-con e-parent\" data-id=\"fc9736c\" data-element_type=\"container\" data-core-v316-plus=\"true\">\n\t\t\t\t\t<div class=\"e-con-inner\">\n\t\t\t\t<div class=\"elementor-element elementor-element-1adf99c elementor-widget elementor-widget-spacer\" data-id=\"1adf99c\" data-element_type=\"widget\" data-widget_type=\"spacer.default\">\n\t\t\t\t<div class=\"elementor-widget-container\">\n\t\t\t<style>\/*! elementor - v3.20.0 - 13-03-2024 *\/\n.elementor-column .elementor-spacer-inner{height:var(--spacer-size)}.e-con{--container-widget-width:100%}.e-con-inner>.elementor-widget-spacer,.e-con>.elementor-widget-spacer{width:var(--container-widget-width,var(--spacer-size));--align-self:var(--container-widget-align-self,initial);--flex-shrink:0}.e-con-inner>.elementor-widget-spacer>.elementor-widget-container,.e-con>.elementor-widget-spacer>.elementor-widget-container{height:100%;width:100%}.e-con-inner>.elementor-widget-spacer>.elementor-widget-container>.elementor-spacer,.e-con>.elementor-widget-spacer>.elementor-widget-container>.elementor-spacer{height:100%}.e-con-inner>.elementor-widget-spacer>.elementor-widget-container>.elementor-spacer>.elementor-spacer-inner,.e-con>.elementor-widget-spacer>.elementor-widget-container>.elementor-spacer>.elementor-spacer-inner{height:var(--container-widget-height,var(--spacer-size))}.e-con-inner>.elementor-widget-spacer.elementor-widget-empty,.e-con>.elementor-widget-spacer.elementor-widget-empty{position:relative;min-height:22px;min-width:22px}.e-con-inner>.elementor-widget-spacer.elementor-widget-empty .elementor-widget-empty-icon,.e-con>.elementor-widget-spacer.elementor-widget-empty .elementor-widget-empty-icon{position:absolute;top:0;bottom:0;left:0;right:0;margin:auto;padding:0;width:22px;height:22px}<\/style>\t\t<div class=\"elementor-spacer\">\n\t\t\t<div class=\"elementor-spacer-inner\"><\/div>\n\t\t<\/div>\n\t\t\t\t<\/div>\n\t\t\t\t<\/div>\n\t\t\t\t\t<\/div>\n\t\t\t\t<\/div>\n\t\t<div class=\"elementor-element elementor-element-962b25b e-flex e-con-boxed wpr-particle-no wpr-jarallax-no wpr-parallax-no wpr-sticky-section-no e-con e-parent\" data-id=\"962b25b\" data-element_type=\"container\" data-core-v316-plus=\"true\">\n\t\t\t\t\t<div class=\"e-con-inner\">\n\t\t\t\t<div class=\"elementor-element elementor-element-55c856a elementor-widget elementor-widget-heading\" data-id=\"55c856a\" data-element_type=\"widget\" data-widget_type=\"heading.default\">\n\t\t\t\t<div class=\"elementor-widget-container\">\n\t\t\t<style>\/*! elementor - v3.20.0 - 13-03-2024 *\/\n.elementor-heading-title{padding:0;margin:0;line-height:1}.elementor-widget-heading .elementor-heading-title[class*=elementor-size-]>a{color:inherit;font-size:inherit;line-height:inherit}.elementor-widget-heading .elementor-heading-title.elementor-size-small{font-size:15px}.elementor-widget-heading .elementor-heading-title.elementor-size-medium{font-size:19px}.elementor-widget-heading .elementor-heading-title.elementor-size-large{font-size:29px}.elementor-widget-heading .elementor-heading-title.elementor-size-xl{font-size:39px}.elementor-widget-heading .elementor-heading-title.elementor-size-xxl{font-size:59px}<\/style><h2 class=\"elementor-heading-title elementor-size-default\">Pr\u00e9sentation AESET<\/h2>\t\t<\/div>\n\t\t\t\t<\/div>\n\t\t\t\t\t<\/div>\n\t\t\t\t<\/div>\n\t\t<div class=\"elementor-element elementor-element-62d17bf e-flex e-con-boxed wpr-particle-no wpr-jarallax-no wpr-parallax-no wpr-sticky-section-no e-con e-parent\" data-id=\"62d17bf\" data-element_type=\"container\" data-core-v316-plus=\"true\">\n\t\t\t\t\t<div class=\"e-con-inner\">\n\t\t\t\t<div class=\"elementor-element elementor-element-c1de22a elementor-widget elementor-widget-text-editor\" data-id=\"c1de22a\" data-element_type=\"widget\" data-widget_type=\"text-editor.default\">\n\t\t\t\t<div class=\"elementor-widget-container\">\n\t\t\t<style>\/*! elementor - v3.20.0 - 13-03-2024 *\/\n.elementor-widget-text-editor.elementor-drop-cap-view-stacked .elementor-drop-cap{background-color:#69727d;color:#fff}.elementor-widget-text-editor.elementor-drop-cap-view-framed .elementor-drop-cap{color:#69727d;border:3px solid;background-color:transparent}.elementor-widget-text-editor:not(.elementor-drop-cap-view-default) .elementor-drop-cap{margin-top:8px}.elementor-widget-text-editor:not(.elementor-drop-cap-view-default) .elementor-drop-cap-letter{width:1em;height:1em}.elementor-widget-text-editor .elementor-drop-cap{float:left;text-align:center;line-height:1;font-size:50px}.elementor-widget-text-editor .elementor-drop-cap-letter{display:inline-block}<\/style>\t\t\t\t<p>L\u2019AESET (Association \u00ab Espoir du Sud-Est Toulousain \u00bb) est une association ramonvilloise qui a vu le jour en 2017. Elle a \u00e9t\u00e9 fond\u00e9e par des ramonvillois ainsi que d\u2019autres habitants des communes du Sicoval ; tous anim\u00e9s par <strong>des liens d\u2019amiti\u00e9<\/strong> et partageant un <strong>sentiment d\u2019appartenance territorial<\/strong>. L\u2019association met en place des activit\u00e9s qu\u2019elle destine \u00e0 ses membres, avec pour but de :<\/p>\n<p><!-- \/wp:paragraph --><!-- wp:list --><\/p>\n<ul>\n<li style=\"list-style-type: none;\">\n<ul>\n<li>Favoriser le d\u00e9veloppement des liens de solidarit\u00e9 et d\u2019amiti\u00e9 entre ses membres<\/li>\n<\/ul>\n<\/li>\n<\/ul>\n<p><!-- \/wp:list-item --><!-- wp:list-item --><\/p>\n<ul>\n<li style=\"list-style-type: none;\">\n<ul>\n<li>Aider ses adh\u00e9rents \u00e0 r\u00e9soudre leurs probl\u00e8mes sociaux, culturels et professionnels<\/li>\n<\/ul>\n<\/li>\n<\/ul>\n<p><!-- \/wp:list-item --><!-- wp:list-item --><\/p>\n<ul>\n<li style=\"list-style-type: none;\">\n<ul>\n<li>Organiser des activit\u00e9s culturelles et cultuelles r\u00e9pondants aux besoins de ses membres ainsi que toute activit\u00e9 de bienfaisance et d\u2019assistance<\/li>\n<\/ul>\n<\/li>\n<\/ul>\n<p><!-- \/wp:list-item --><!-- wp:list-item --><\/p>\n<ul>\n<li style=\"list-style-type: none;\">\n<ul>\n<li>Organiser des actions d\u2019animation et d\u2019\u00e9ducation pour les jeunes<\/li>\n<\/ul>\n<\/li>\n<\/ul>\n<p><!-- \/wp:list-item --><!-- wp:list-item --><\/p>\n<ul>\n<li style=\"list-style-type: none;\">\n<ul>\n<li>Favoriser l\u2019esprit d\u2019ouverture et promouvoir le dialogue interculturel dans le cadre R\u00e9publicain. Aujourd\u2019hui l\u2019association poss\u00e8de une centaine d\u2019adh\u00e9rents dont une trentaine sont des membres actifs de l\u2019association. Ils sont majoritairement originaires des communes du Sicoval. La vision de l\u2019association :\n<h3><span style=\"color: #306321;\"><strong>\u00ab Vivre avec espoir, vivre ensemble \u00bb<\/strong><\/span><\/h3>\n<\/li>\n<\/ul>\n<\/li>\n<\/ul>\t\t\t\t\t\t<\/div>\n\t\t\t\t<\/div>\n\t\t\t\t\t<\/div>\n\t\t\t\t<\/div>\n\t\t<div class=\"elementor-element elementor-element-c327440 e-flex e-con-boxed wpr-particle-no wpr-jarallax-no wpr-parallax-no wpr-sticky-section-no e-con e-parent\" data-id=\"c327440\" data-element_type=\"container\" data-core-v316-plus=\"true\">\n\t\t\t\t\t<div class=\"e-con-inner\">\n\t\t\t\t<div class=\"elementor-element elementor-element-29b1f9c elementor-widget elementor-widget-spacer\" data-id=\"29b1f9c\" data-element_type=\"widget\" data-widget_type=\"spacer.default\">\n\t\t\t\t<div class=\"elementor-widget-container\">\n\t\t\t\t\t<div class=\"elementor-spacer\">\n\t\t\t<div class=\"elementor-spacer-inner\"><\/div>\n\t\t<\/div>\n\t\t\t\t<\/div>\n\t\t\t\t<\/div>\n\t\t\t\t\t<\/div>\n\t\t\t\t<\/div>\n\t\t<div class=\"elementor-element elementor-element-216176f e-flex e-con-boxed wpr-particle-no wpr-jarallax-no wpr-parallax-no wpr-sticky-section-no e-con e-parent\" data-id=\"216176f\" data-element_type=\"container\" data-core-v316-plus=\"true\">\n\t\t\t\t\t<div class=\"e-con-inner\">\n\t\t\t\t<div class=\"elementor-element elementor-element-fed70f7 elementor-widget elementor-widget-heading\" data-id=\"fed70f7\" data-element_type=\"widget\" data-widget_type=\"heading.default\">\n\t\t\t\t<div class=\"elementor-widget-container\">\n\t\t\t<h2 class=\"elementor-heading-title elementor-size-default\">Quelques moments AESET :<\/h2>\t\t<\/div>\n\t\t\t\t<\/div>\n\t\t\t\t\t<\/div>\n\t\t\t\t<\/div>\n\t\t<div class=\"elementor-element elementor-element-13aac68 e-flex e-con-boxed wpr-particle-no wpr-jarallax-no wpr-parallax-no wpr-sticky-section-no e-con e-parent\" data-id=\"13aac68\" data-element_type=\"container\" data-core-v316-plus=\"true\">\n\t\t\t\t\t<div class=\"e-con-inner\">\n\t\t\t\t<div class=\"elementor-element elementor-element-6a65063 elementor-widget elementor-widget-text-editor\" data-id=\"6a65063\" data-element_type=\"widget\" data-widget_type=\"text-editor.default\">\n\t\t\t\t<div class=\"elementor-widget-container\">\n\t\t\t\t\t\t\t<p><!--vcv no format--><\/p>\n<div class=\"vce-row-container\" data-vce-boxed-width=\"true\">\n<div id=\"el-7d01631d\" class=\"vce-row vce-row--col-gap-30 vce-row-equal-height vce-row-content--top\" data-vce-do-apply=\"all el-7d01631d\">\n<div class=\"vce-row-content\" data-vce-element-content=\"true\">\n<p><\/p>\n<div id=\"el-e4d603fc\" class=\"vce-col vce-col--md-auto vce-col--xs-1 vce-col--xs-last vce-col--xs-first vce-col--sm-last vce-col--sm-first vce-col--md-last vce-col--lg-last vce-col--xl-last vce-col--md-first vce-col--lg-first vce-col--xl-first\">\n<div class=\"vce-col-inner\" data-vce-do-apply=\"border margin background el-e4d603fc\">\n<div class=\"vce-col-content\" data-vce-element-content=\"true\" data-vce-do-apply=\"padding el-e4d603fc\">\n<p><\/p>\n<div class=\"vce-text-block\">\n<div id=\"el-9d3a2ff6\" class=\"vce-text-block-wrapper vce\" data-vce-do-apply=\"all el-9d3a2ff6\">\n<p><!-- wp:paragraph --><\/p>\n<p><!-- \/wp:list-item --><\/p>\n<p><!-- \/wp:list --><\/p>\n<\/div>\n<\/div>\n<p><\/p>\n<div class=\"vce-text-block\">\n<div id=\"el-98d92035\" class=\"vce-text-block-wrapper vce\" data-vce-do-apply=\"all el-98d92035\">\n<ul>\n<li>\u00ab D\u00e9velopper des liens de solidarit\u00e9 et de proximit\u00e9 \u00bb :<\/li>\n<\/ul>\n<p>Durant la p\u00e9riode de confinement li\u00e9 \u00e0 la pand\u00e9mie de Covid-19, l\u2019association a pris l\u2019initiative de contacter les mairies<br \/>de Castanet-Tolosan et de Ramonville-Saint-Agne pour soutenir les services sociaux avec la distribution de colis alimentaires aux personnes \u00e2g\u00e9es et aux plus d\u00e9munis.<br \/>Les b\u00e9n\u00e9voles de l\u2019AESET sont parvenus \u00e0 distribuer 25 colis alimentaires aux sans-abris implant\u00e9s dans la commune de Ramonville-Saint-Agne.<\/p>\n<ul>\n<li>\u00ab Cr\u00e9er du lien social et valoriser les cultures du monde \u00bb :<\/li>\n<\/ul>\n<p>Depuis des si\u00e8cles, dans la culture fran\u00e7aise comme dans d\u2019autres, l\u2019une des meilleures mani\u00e8res de cr\u00e9er du lien social est de se r\u00e9unir autour d\u2019un repas amical.<br \/>L\u2019\u00e9v\u00e8nement \u00ab le couscous de l\u2019amiti\u00e9 \u00bb organis\u00e9 par les membres de l\u2019association avait pour but d\u2019aller \u00e0 la rencontre des ramonvillois et de rassembler des passants pour cr\u00e9er des moments de convivialit\u00e9s autour d\u2019une assiette.<\/p>\n<\/div>\n<\/div>\n<p><\/p>\n<\/div>\n<\/div>\n<\/div>\n<p><\/p>\n<\/div>\n<\/div>\n<\/div>\n<p><\/p>\n<div class=\"vce-row-container\" data-vce-boxed-width=\"true\">\n<div id=\"el-62ab0fb8\" class=\"vce-row vce-row--col-gap-30 vce-row-equal-height vce-row-content--top\" data-vce-do-apply=\"all el-62ab0fb8\">\n<div class=\"vce-row-content\" data-vce-element-content=\"true\">\n<p><\/p>\n<div id=\"el-012d2f8a\" class=\"vce-col vce-col--md-auto vce-col--xs-1 vce-col--xs-last vce-col--xs-first vce-col--sm-last vce-col--sm-first vce-col--md-last vce-col--lg-last vce-col--xl-last vce-col--md-first vce-col--lg-first vce-col--xl-first\">\n<div class=\"vce-col-inner\" data-vce-do-apply=\"border margin background el-012d2f8a\">\n<div class=\"vce-col-content\" data-vce-element-content=\"true\" data-vce-do-apply=\"padding el-012d2f8a\">\n<p><\/p>\n<p><\/p>\n<\/div>\n<\/div>\n<\/div>\n<p><\/p>\n<\/div>\n<\/div>\n<\/div>\n<p><\/p>\n<div class=\"vce-row-container\" data-vce-boxed-width=\"true\">\n<div id=\"el-e227b1cb\" class=\"vce-row vce-row--col-gap-30 vce-row-equal-height vce-row-content--top\" data-vce-do-apply=\"all el-e227b1cb\">\n<div class=\"vce-row-content\" data-vce-element-content=\"true\">\n<p><\/p>\n<div id=\"el-088a6bd1\" class=\"vce-col vce-col--md-auto vce-col--xs-1 vce-col--xs-last vce-col--xs-first vce-col--sm-last vce-col--sm-first vce-col--md-last vce-col--lg-last vce-col--xl-last vce-col--md-first vce-col--lg-first vce-col--xl-first\">\n<div class=\"vce-col-inner\" data-vce-do-apply=\"border margin background el-088a6bd1\">\n<div class=\"vce-col-content\" data-vce-element-content=\"true\" data-vce-do-apply=\"padding el-088a6bd1\">\n<p><\/p>\n<\/div>\n<\/div>\n<\/div>\n<\/div>\n<\/div>\n<\/div>\n<div class=\"vce-row-container\" data-vce-boxed-width=\"true\">\n<div id=\"el-715182ae\" class=\"vce-row vce-row--col-gap-30 vce-row-equal-height vce-row-content--top\" data-vce-do-apply=\"all el-715182ae\">\n<div class=\"vce-row-content\" data-vce-element-content=\"true\">\n<div id=\"el-65adfd0c\" class=\"vce-col vce-col--md-auto vce-col--xs-1 vce-col--xs-last vce-col--xs-first vce-col--sm-last vce-col--sm-first vce-col--md-last vce-col--lg-last vce-col--xl-last vce-col--md-first vce-col--lg-first vce-col--xl-first\">\n<div class=\"vce-col-inner\" data-vce-do-apply=\"border margin background el-65adfd0c\">\n<div class=\"vce-col-content\" data-vce-element-content=\"true\" data-vce-do-apply=\"padding el-65adfd0c\">\n<p><\/p>\n<\/div>\n<\/div>\n<\/div>\n<p><\/p>\n<\/div>\n<\/div>\n<\/div>\n<p><!--vcv no format--><!-- Created with Elementor --><\/p>\t\t\t\t\t\t<\/div>\n\t\t\t\t<\/div>\n\t\t\t\t<div class=\"elementor-element elementor-element-c4a78a1 elementor-widget elementor-widget-text-editor\" data-id=\"c4a78a1\" data-element_type=\"widget\" data-widget_type=\"text-editor.default\">\n\t\t\t\t<div class=\"elementor-widget-container\">\n\t\t\t\t\t\t\t<div class=\"vce-row-container\" data-vce-boxed-width=\"true\">\n<div id=\"el-e227b1cb\" class=\"vce-row vce-row--col-gap-30 vce-row-equal-height vce-row-content--top\" data-vce-do-apply=\"all el-e227b1cb\">\n<div class=\"vce-row-content\" data-vce-element-content=\"true\">\n<div id=\"el-088a6bd1\" class=\"vce-col vce-col--md-auto vce-col--xs-1 vce-col--xs-last vce-col--xs-first vce-col--sm-last vce-col--sm-first vce-col--md-last vce-col--lg-last vce-col--xl-last vce-col--md-first vce-col--lg-first vce-col--xl-first\">\n<div class=\"vce-col-inner\" data-vce-do-apply=\"border margin background el-088a6bd1\">\n<div class=\"vce-col-content\" data-vce-element-content=\"true\" data-vce-do-apply=\"padding el-088a6bd1\">\n<div class=\"vce-text-block\">\n<div id=\"el-726aea3e\" class=\"vce-text-block-wrapper vce\" data-vce-do-apply=\"all el-726aea3e\">\n<ul>\n<li>\u00ab Le couscous de l\u2019amiti\u00e9 \u00bb organis\u00e9 le mois de Mai 2019 a \u00e9t\u00e9 une belle r\u00e9ussite : 200 plats de couscous ont \u00e9t\u00e9 distribu\u00e9s aux passants.<\/li>\n<\/ul>\n<\/div>\n<\/div>\n<p><\/p>\n<\/div>\n<\/div>\n<\/div>\n<p><\/p>\n<\/div>\n<\/div>\n<\/div>\n<p><\/p>\n<div class=\"vce-row-container\" data-vce-boxed-width=\"true\">\n<div id=\"el-0fbaaf47\" class=\"vce-row vce-row--col-gap-30 vce-row-equal-height vce-row-content--top\" data-vce-do-apply=\"all el-0fbaaf47\">\n<div class=\"vce-row-content\" data-vce-element-content=\"true\">\n<p><\/p>\n<div id=\"el-132a7f6c\" class=\"vce-col vce-col--md-auto vce-col--xs-1 vce-col--xs-last vce-col--xs-first vce-col--sm-last vce-col--sm-first vce-col--md-first vce-col--lg-first vce-col--xl-first\">\n<div class=\"vce-col-inner\" data-vce-do-apply=\"border margin background el-132a7f6c\">\n<div class=\"vce-col-content\" data-vce-element-content=\"true\" data-vce-do-apply=\"padding el-132a7f6c\">\n<p><\/p>\n<div class=\"vce-text-block\">\n<div id=\"el-70e32804\" class=\"vce-text-block-wrapper vce\" data-vce-do-apply=\"all el-70e32804\">\n<p>La pr\u00e9sence de Monsieur LUBAC, maire de Ramonville-Saint-Agne, a \u00e9t\u00e9 tr\u00e8s appr\u00e9ci\u00e9e par l\u2019ensemble des convives et encourageant pour le d\u00e9veloppement d\u2019initiatives similaires.<\/p>\n<\/div>\n<\/div>\n<\/div>\n<\/div>\n<\/div>\n<\/div>\n<\/div>\n<\/div>\t\t\t\t\t\t<\/div>\n\t\t\t\t<\/div>\n\t\t\t\t\t<\/div>\n\t\t\t\t<\/div>\n\t\t<div class=\"elementor-element elementor-element-f69919a e-flex e-con-boxed wpr-particle-no wpr-jarallax-no wpr-parallax-no wpr-sticky-section-no e-con e-parent\" data-id=\"f69919a\" data-element_type=\"container\" data-core-v316-plus=\"true\">\n\t\t\t\t\t<div class=\"e-con-inner\">\n\t\t<div class=\"elementor-element elementor-element-85b0f15 e-con-full e-flex wpr-particle-no wpr-jarallax-no wpr-parallax-no wpr-sticky-section-no e-con e-child\" data-id=\"85b0f15\" data-element_type=\"container\">\n\t\t\t\t<div class=\"elementor-element elementor-element-e2fc3b0 elementor-widget elementor-widget-image\" data-id=\"e2fc3b0\" data-element_type=\"widget\" data-widget_type=\"image.default\">\n\t\t\t\t<div class=\"elementor-widget-container\">\n\t\t\t<style>\/*! elementor - v3.20.0 - 13-03-2024 *\/\n.elementor-widget-image{text-align:center}.elementor-widget-image a{display:inline-block}.elementor-widget-image a img[src$=\".svg\"]{width:48px}.elementor-widget-image img{vertical-align:middle;display:inline-block}<\/style>\t\t\t\t\t\t\t\t\t\t<img decoding=\"async\" src=\"https:\/\/espoir-set31.org\/wp-content\/uploads\/2024\/03\/Affiche_couscous_Amitie.jpg\" title=\"Affiche_couscous_Amitie\" alt=\"Affiche_couscous_Amitie\" loading=\"lazy\" \/>\t\t\t\t\t\t\t\t\t\t\t\t\t<\/div>\n\t\t\t\t<\/div>\n\t\t\t\t<\/div>\n\t\t<div class=\"elementor-element elementor-element-546e2d5 e-con-full e-flex wpr-particle-no wpr-jarallax-no wpr-parallax-no wpr-sticky-section-no e-con e-child\" data-id=\"546e2d5\" data-element_type=\"container\">\n\t\t<div class=\"elementor-element elementor-element-f9efbbb e-flex e-con-boxed wpr-particle-no wpr-jarallax-no wpr-parallax-no wpr-sticky-section-no e-con e-child\" data-id=\"f9efbbb\" data-element_type=\"container\">\n\t\t\t\t\t<div class=\"e-con-inner\">\n\t\t\t\t<div class=\"elementor-element elementor-element-1b70f5c elementor-widget elementor-widget-image\" data-id=\"1b70f5c\" data-element_type=\"widget\" data-widget_type=\"image.default\">\n\t\t\t\t<div class=\"elementor-widget-container\">\n\t\t\t\t\t\t\t\t\t\t\t\t\t<img decoding=\"async\" src=\"https:\/\/espoir-set31.org\/wp-content\/uploads\/2024\/03\/Couscous_Amitie_2.png\" title=\"Couscous_Amitie_2\" alt=\"Couscous_Amitie_2\" loading=\"lazy\" \/>\t\t\t\t\t\t\t\t\t\t\t\t\t<\/div>\n\t\t\t\t<\/div>\n\t\t\t\t\t<\/div>\n\t\t\t\t<\/div>\n\t\t<div class=\"elementor-element elementor-element-dd878eb e-flex e-con-boxed wpr-particle-no wpr-jarallax-no wpr-parallax-no wpr-sticky-section-no e-con e-child\" data-id=\"dd878eb\" data-element_type=\"container\">\n\t\t\t\t\t<div class=\"e-con-inner\">\n\t\t\t\t<div class=\"elementor-element elementor-element-17ea24e elementor-widget elementor-widget-image\" data-id=\"17ea24e\" data-element_type=\"widget\" data-widget_type=\"image.default\">\n\t\t\t\t<div class=\"elementor-widget-container\">\n\t\t\t\t\t\t\t\t\t\t\t\t\t<img decoding=\"async\" src=\"https:\/\/espoir-set31.org\/wp-content\/uploads\/2024\/03\/Couscous_Amitie_3-1024x651-1.png\" title=\"Couscous_Amitie_3-1024&#215;651\" alt=\"Couscous_Amitie_3-1024x651\" loading=\"lazy\" \/>\t\t\t\t\t\t\t\t\t\t\t\t\t<\/div>\n\t\t\t\t<\/div>\n\t\t\t\t\t<\/div>\n\t\t\t\t<\/div>\n\t\t\t\t<\/div>\n\t\t\t\t\t<\/div>\n\t\t\t\t<\/div>\n\t\t<div class=\"elementor-element elementor-element-a1ad665 e-flex e-con-boxed wpr-particle-no wpr-jarallax-no wpr-parallax-no wpr-sticky-section-no e-con e-parent\" data-id=\"a1ad665\" data-element_type=\"container\" data-core-v316-plus=\"true\">\n\t\t\t\t\t<div class=\"e-con-inner\">\n\t\t\t\t<div class=\"elementor-element elementor-element-a4006c8 elementor-widget elementor-widget-text-editor\" data-id=\"a4006c8\" data-element_type=\"widget\" data-widget_type=\"text-editor.default\">\n\t\t\t\t<div class=\"elementor-widget-container\">\n\t\t\t\t\t\t\t<ul>\n<li>\u00ab Soutenir la r\u00e9ussite des jeunes et l\u2019acc\u00e8s aux nouvelles technologies \u00bb :<\/li>\n<\/ul>\n<p>Depuis 4 ans, l\u2019association organise :<\/p>\n<ul>\n<li>des stages en robotique ouverts aux jeunes pendant les p\u00e9riodes de vacances scolaires.<\/li>\n<li>des cours de soutien scolaire gratuits pendant les p\u00e9riodes de pr\u00e9parations aux examens.<\/li>\n<\/ul>\t\t\t\t\t\t<\/div>\n\t\t\t\t<\/div>\n\t\t\t\t\t<\/div>\n\t\t\t\t<\/div>\n\t\t<div class=\"elementor-element elementor-element-4382248 e-flex e-con-boxed wpr-particle-no wpr-jarallax-no wpr-parallax-no wpr-sticky-section-no e-con e-parent\" data-id=\"4382248\" data-element_type=\"container\" data-core-v316-plus=\"true\">\n\t\t\t\t\t<div class=\"e-con-inner\">\n\t\t<div class=\"elementor-element elementor-element-bd9eff0 e-con-full e-flex wpr-particle-no wpr-jarallax-no wpr-parallax-no wpr-sticky-section-no e-con e-child\" data-id=\"bd9eff0\" data-element_type=\"container\">\n\t\t\t\t<div class=\"elementor-element elementor-element-622a61d elementor-widget elementor-widget-image\" data-id=\"622a61d\" data-element_type=\"widget\" data-widget_type=\"image.default\">\n\t\t\t\t<div class=\"elementor-widget-container\">\n\t\t\t\t\t\t\t\t\t\t\t\t\t<img decoding=\"async\" src=\"https:\/\/espoir-set31.org\/wp-content\/uploads\/2024\/03\/soutien_scolaire-223x347-1.jpg\" title=\"Soutien_scolaire\" alt=\"Soutien_scolaire\" loading=\"lazy\" \/>\t\t\t\t\t\t\t\t\t\t\t\t\t<\/div>\n\t\t\t\t<\/div>\n\t\t\t\t<\/div>\n\t\t<div class=\"elementor-element elementor-element-b0bd7b9 e-con-full e-flex wpr-particle-no wpr-jarallax-no wpr-parallax-no wpr-sticky-section-no e-con e-child\" data-id=\"b0bd7b9\" data-element_type=\"container\">\n\t\t\t\t<div class=\"elementor-element elementor-element-59a4236 elementor-widget elementor-widget-image\" data-id=\"59a4236\" data-element_type=\"widget\" data-widget_type=\"image.default\">\n\t\t\t\t<div class=\"elementor-widget-container\">\n\t\t\t\t\t\t\t\t\t\t\t\t\t<img decoding=\"async\" src=\"https:\/\/espoir-set31.org\/wp-content\/uploads\/2024\/03\/soutien_scolaire_2-1-265x358-1.jpg\" title=\"soutien_scolaire_2-1-265&#215;358\" alt=\"soutien_scolaire_2-1-265x358\" loading=\"lazy\" \/>\t\t\t\t\t\t\t\t\t\t\t\t\t<\/div>\n\t\t\t\t<\/div>\n\t\t\t\t<\/div>\n\t\t<div class=\"elementor-element elementor-element-c1caf02 e-con-full e-flex wpr-particle-no wpr-jarallax-no wpr-parallax-no wpr-sticky-section-no e-con e-child\" data-id=\"c1caf02\" data-element_type=\"container\">\n\t\t\t\t<div class=\"elementor-element elementor-element-f36c54b elementor-widget elementor-widget-image\" data-id=\"f36c54b\" data-element_type=\"widget\" data-widget_type=\"image.default\">\n\t\t\t\t<div class=\"elementor-widget-container\">\n\t\t\t\t\t\t\t\t\t\t\t\t\t<img decoding=\"async\" src=\"https:\/\/espoir-set31.org\/wp-content\/uploads\/2024\/03\/soutien_scolaire_3-1-259x276-1.jpg\" title=\"Soutien_scolaire_3\" alt=\"Soutien_scolaire_3\" loading=\"lazy\" \/>\t\t\t\t\t\t\t\t\t\t\t\t\t<\/div>\n\t\t\t\t<\/div>\n\t\t\t\t<\/div>\n\t\t<div class=\"elementor-element elementor-element-5ed6786 e-con-full e-flex wpr-particle-no wpr-jarallax-no wpr-parallax-no wpr-sticky-section-no e-con e-child\" data-id=\"5ed6786\" data-element_type=\"container\">\n\t\t\t\t<div class=\"elementor-element elementor-element-f8a7682 elementor-widget elementor-widget-image\" data-id=\"f8a7682\" data-element_type=\"widget\" data-widget_type=\"image.default\">\n\t\t\t\t<div class=\"elementor-widget-container\">\n\t\t\t\t\t\t\t\t\t\t\t\t\t<img decoding=\"async\" src=\"https:\/\/espoir-set31.org\/wp-content\/uploads\/2024\/03\/soutien_scolaire_4-239x265-1.jpg\" title=\"Soutien_scolaire_4\" alt=\"Soutien_scolaire_4\" loading=\"lazy\" \/>\t\t\t\t\t\t\t\t\t\t\t\t\t<\/div>\n\t\t\t\t<\/div>\n\t\t\t\t<\/div>\n\t\t\t\t\t<\/div>\n\t\t\t\t<\/div>\n\t\t\t\t<\/div>\n\t\t","protected":false},"excerpt":{"rendered":"<p>Pr\u00e9sentation AESET L\u2019AESET (Association \u00ab Espoir du Sud-Est Toulousain \u00bb) est une association ramonvilloise qui a vu le jour en 2017. Elle a \u00e9t\u00e9 fond\u00e9e par des ramonvillois ainsi que d\u2019autres habitants des communes du Sicoval ; tous anim\u00e9s par des liens d\u2019amiti\u00e9 et partageant un sentiment d\u2019appartenance territorial. L\u2019association met en place des activit\u00e9s [&hellip;]<\/p>\n","protected":false},"author":1,"featured_media":0,"parent":0,"menu_order":0,"comment_status":"closed","ping_status":"closed","template":"","meta":{"footnotes":""},"class_list":["post-501","page","type-page","status-publish","hentry","entry"],"_links":{"self":[{"href":"https:\/\/espoir-set31.org\/index.php\/wp-json\/wp\/v2\/pages\/501","targetHints":{"allow":["GET"]}}],"collection":[{"href":"https:\/\/espoir-set31.org\/index.php\/wp-json\/wp\/v2\/pages"}],"about":[{"href":"https:\/\/espoir-set31.org\/index.php\/wp-json\/wp\/v2\/types\/page"}],"author":[{"embeddable":true,"href":"https:\/\/espoir-set31.org\/index.php\/wp-json\/wp\/v2\/users\/1"}],"replies":[{"embeddable":true,"href":"https:\/\/espoir-set31.org\/index.php\/wp-json\/wp\/v2\/comments?post=501"}],"version-history":[{"count":27,"href":"https:\/\/espoir-set31.org\/index.php\/wp-json\/wp\/v2\/pages\/501\/revisions"}],"predecessor-version":[{"id":1097,"href":"https:\/\/espoir-set31.org\/index.php\/wp-json\/wp\/v2\/pages\/501\/revisions\/1097"}],"wp:attachment":[{"href":"https:\/\/espoir-set31.org\/index.php\/wp-json\/wp\/v2\/media?parent=501"}],"curies":[{"name":"wp","href":"https:\/\/api.w.org\/{rel}","templated":true}]}}